{"id":62,"date":"2009-03-21T13:52:22","date_gmt":"2009-03-21T18:52:22","guid":{"rendered":"http:\/\/esmaegypt.org\/?page_id=62"},"modified":"2011-05-26T11:13:43","modified_gmt":"2011-05-26T16:13:43","slug":"french","status":"publish","type":"page","link":"https:\/\/www.esmaegypt.org\/?page_id=62","title":{"rendered":"French"},"content":{"rendered":"<p>Qui sommes-nous?<\/p>\n<p>ESMA (Egyptian Sociey for the Mercy of Animals) est une organisation non-gouvernementale \u00e0 but non lucratif, fond\u00e9e en 2007, suite \u00e0 un d\u00e9cret du gouvernement Egyptien qui ordonnait l\u2019abattage des chiens errants pour en r\u00e9duire le nombre. Plusieurs milliers de chiens furent ainsi massacr\u00e9 portant un groupe d\u2019Egyptiens et d\u2019expatri\u00e9s Europ\u00e9ens \u00e0 se rassembler pour protester contre la politique du gouvernement Egyptien concernant les chiens et chats errants. C\u2019est ainsi qu\u2019ESMA a vu le jour. Les membres d\u2019ESMA se sont fix\u00e9 pour objectif de sauver les chiens et chats en danger imminent et d promouvoir des programmes de castration et de st\u00e9rilisation des animaux errants. ESMA a cr\u00e9e un centre de refuge pour animaux errants abritant au jour d\u2019aujourd\u2019hui plus de 600 chiens et chats. En plus, ESMA d\u00e9fend les droits des animaux errants et des animaux de travail (chevaux, \u00e2nes) et se bat pour am\u00e9liorer les conditions de vie des animaux du zoo du Caire et dans les magasins d\u2019animaux.<\/p>\n<p>Castrer et St\u00e9riliser sauve des vies !<\/p>\n","protected":false},"excerpt":{"rendered":"<p>Qui sommes-nous? ESMA (Egyptian Sociey for the Mercy of Animals) est une organisation non-gouvernementale \u00e0 but non lucratif, fond\u00e9e en 2007, suite \u00e0 un d\u00e9cret du gouvernement Egyptien qui ordonnait l\u2019abattage des chiens errants pour en r\u00e9duire le nombre. Plusieurs milliers de chiens furent ainsi massacr\u00e9 portant un groupe d\u2019Egyptiens et d\u2019expatri\u00e9s Europ\u00e9ens \u00e0 se [&hellip;]<\/p>\n","protected":false},"author":3,"featured_media":0,"parent":0,"menu_order":12,"comment_status":"open","ping_status":"open","template":"","meta":{"ngg_post_thumbnail":0,"footnotes":"","_links_to":"","_links_to_target":""},"class_list":["post-62","page","type-page","status-publish","hentry"],"jetpack_sharing_enabled":true,"jetpack_shortlink":"https:\/\/wp.me\/P9v5WU-10","_links":{"self":[{"href":"https:\/\/www.esmaegypt.org\/index.php?rest_route=\/wp\/v2\/pages\/62","targetHints":{"allow":["GET"]}}],"collection":[{"href":"https:\/\/www.esmaegypt.org\/index.php?rest_route=\/wp\/v2\/pages"}],"about":[{"href":"https:\/\/www.esmaegypt.org\/index.php?rest_route=\/wp\/v2\/types\/page"}],"author":[{"embeddable":true,"href":"https:\/\/www.esmaegypt.org\/index.php?rest_route=\/wp\/v2\/users\/3"}],"replies":[{"embeddable":true,"href":"https:\/\/www.esmaegypt.org\/index.php?rest_route=%2Fwp%2Fv2%2Fcomments&post=62"}],"version-history":[{"count":0,"href":"https:\/\/www.esmaegypt.org\/index.php?rest_route=\/wp\/v2\/pages\/62\/revisions"}],"wp:attachment":[{"href":"https:\/\/www.esmaegypt.org\/index.php?rest_route=%2Fwp%2Fv2%2Fmedia&parent=62"}],"curies":[{"name":"wp","href":"https:\/\/api.w.org\/{rel}","templated":true}]}}